{"id":6,"date":"2023-03-31T21:59:44","date_gmt":"2023-03-31T21:59:44","guid":{"rendered":"https:\/\/pinguelaradio.informaticapinguela.net\/?page_id=6"},"modified":"2023-03-31T21:59:44","modified_gmt":"2023-03-31T21:59:44","slug":"inicio","status":"publish","type":"page","link":"https:\/\/pinguelaradio.informaticapinguela.net\/","title":{"rendered":"Inicio"},"content":{"rendered":"\n<p>\u00a1Te damos la bienvenida a tu sitio! Esta es tu p\u00e1gina de inicio, que es la que la mayor\u00eda de visitantes ver\u00e1n cuando vengan a tu sitio por primera vez.<\/p>\n","protected":false},"excerpt":{"rendered":"<p>\u00a1Te damos la bienvenida a tu sitio! Esta es tu p\u00e1gina de inicio, que es la que la mayor\u00eda de visitantes ver\u00e1n cuando vengan a tu sitio por primera vez.<\/p>\n","protected":false},"author":1,"featured_media":0,"parent":0,"menu_order":0,"comment_status":"closed","ping_status":"closed","template":"template-magazine.php","meta":{"footnotes":""},"class_list":["post-6","page","type-page","status-publish","hentry"],"_links":{"self":[{"href":"https:\/\/pinguelaradio.informaticapinguela.net\/index.php?rest_route=\/wp\/v2\/pages\/6","targetHints":{"allow":["GET"]}}],"collection":[{"href":"https:\/\/pinguelaradio.informaticapinguela.net\/index.php?rest_route=\/wp\/v2\/pages"}],"about":[{"href":"https:\/\/pinguelaradio.informaticapinguela.net\/index.php?rest_route=\/wp\/v2\/types\/page"}],"author":[{"embeddable":true,"href":"https:\/\/pinguelaradio.informaticapinguela.net\/index.php?rest_route=\/wp\/v2\/users\/1"}],"replies":[{"embeddable":true,"href":"https:\/\/pinguelaradio.informaticapinguela.net\/index.php?rest_route=%2Fwp%2Fv2%2Fcomments&post=6"}],"version-history":[{"count":1,"href":"https:\/\/pinguelaradio.informaticapinguela.net\/index.php?rest_route=\/wp\/v2\/pages\/6\/revisions"}],"predecessor-version":[{"id":9,"href":"https:\/\/pinguelaradio.informaticapinguela.net\/index.php?rest_route=\/wp\/v2\/pages\/6\/revisions\/9"}],"wp:attachment":[{"href":"https:\/\/pinguelaradio.informaticapinguela.net\/index.php?rest_route=%2Fwp%2Fv2%2Fmedia&parent=6"}],"curies":[{"name":"wp","href":"https:\/\/api.w.org\/{rel}","templated":true}]}}